{"id":324,"date":"2025-11-03T22:53:15","date_gmt":"2025-11-03T22:53:15","guid":{"rendered":"https:\/\/redalairelibro.com\/?page_id=324"},"modified":"2025-11-10T15:10:46","modified_gmt":"2025-11-10T15:10:46","slug":"la-red","status":"publish","type":"page","link":"https:\/\/redalairelibro.com\/index.php\/la-red\/","title":{"rendered":"La Red"},"content":{"rendered":"\t\t<div data-elementor-type=\"wp-page\" data-elementor-id=\"324\" class=\"elementor elementor-324\" data-elementor-post-type=\"page\">\n\t\t\t\t<div class=\"elementor-element elementor-element-2f17d3c e-con-full e-flex e-con e-parent\" data-id=\"2f17d3c\" data-element_type=\"container\">\n\t\t\t\t<div class=\"elementor-element elementor-element-f82adc9 elementor-widget-tablet__width-initial elementor-widget-mobile__width-initial elementor-hidden-mobile elementor-skin-carousel elementor-arrows-yes elementor-pagination-type-bullets elementor-pagination-position-outside elementor-widget elementor-widget-media-carousel\" data-id=\"f82adc9\" data-element_type=\"widget\" data-settings=\"{&quot;slides_per_view&quot;:&quot;1&quot;,&quot;slides_per_view_tablet&quot;:&quot;1&quot;,&quot;skin&quot;:&quot;carousel&quot;,&quot;effect&quot;:&quot;slide&quot;,&quot;show_arrows&quot;:&quot;yes&quot;,&quot;pagination&quot;:&quot;bullets&quot;,&quot;speed&quot;:500,&quot;autoplay&quot;:&quot;yes&quot;,&quot;autoplay_speed&quot;:5000,&quot;loop&quot;:&quot;yes&quot;,&quot;pause_on_hover&quot;:&quot;yes&quot;,&quot;pause_on_interaction&quot;:&quot;yes&quot;,&quot;space_between&quot;:{&quot;unit&quot;:&quot;px&quot;,&quot;size&quot;:10,&quot;sizes&quot;:[]},&quot;space_between_tablet&quot;:{&quot;unit&quot;:&quot;px&quot;,&quot;size&quot;:10,&quot;sizes&quot;:[]},&quot;space_between_mobile&quot;:{&quot;unit&quot;:&quot;px&quot;,&quot;size&quot;:10,&quot;sizes&quot;:[]}}\" data-widget_type=\"media-carousel.default\">\n\t\t\t\t\t\t\t\t\t\t<div class=\"elementor-main-swiper swiper\" role=\"region\" aria-roledescription=\"carousel\" aria-label=\"Diapositivas\">\n\t\t\t\t<div class=\"swiper-wrapper\">\n\t\t\t\t\t\t\t\t\t\t\t<div class=\"swiper-slide\" role=\"group\" aria-roledescription=\"slide\">\n\t\t\t\t\t\t\t\t\t<div class=\"elementor-carousel-image\" role=\"img\" aria-label=\"Colombia se abraza\" style=\"background-image: url(&#039;https:\/\/redalairelibro.com\/wp-content\/uploads\/2025\/11\/Colombia-se-abraza.jpg&#039;)\">\n\n\t\t\t\n\t\t\t\t\t<\/div>\n\t\t\t\t\t\t\t\t<\/div>\n\t\t\t\t\t\t\t\t\t\t\t<div class=\"swiper-slide\" role=\"group\" aria-roledescription=\"slide\">\n\t\t\t\t\t\t\t\t\t<div class=\"elementor-carousel-image\" role=\"img\" aria-label=\"La red viva que somos 4\" style=\"background-image: url(&#039;https:\/\/redalairelibro.com\/wp-content\/uploads\/2025\/11\/La-red-viva-que-somos-4.jpg&#039;)\">\n\n\t\t\t\n\t\t\t\t\t<\/div>\n\t\t\t\t\t\t\t\t<\/div>\n\t\t\t\t\t\t\t\t\t\t\t<div class=\"swiper-slide\" role=\"group\" aria-roledescription=\"slide\">\n\t\t\t\t\t\t\t\t\t<div class=\"elementor-carousel-image\" role=\"img\" aria-label=\"La red viva Al Aire Libro\" style=\"background-image: url(&#039;https:\/\/redalairelibro.com\/wp-content\/uploads\/2025\/11\/La-red-viva-Al-Aire-Libro.jpg&#039;)\">\n\n\t\t\t\n\t\t\t\t\t<\/div>\n\t\t\t\t\t\t\t\t<\/div>\n\t\t\t\t\t\t\t\t\t<\/div>\n\t\t\t\t\t\t\t\t\t\t\t\t\t\t\t<div class=\"elementor-swiper-button elementor-swiper-button-prev\" role=\"button\" tabindex=\"0\" aria-label=\"Anterior\">\n\t\t\t\t\t\t\t<svg aria-hidden=\"true\" class=\"e-font-icon-svg e-eicon-chevron-left\" viewBox=\"0 0 1000 1000\" xmlns=\"http:\/\/www.w3.org\/2000\/svg\"><path d=\"M646 125C629 125 613 133 604 142L308 442C296 454 292 471 292 487 292 504 296 521 308 533L604 854C617 867 629 875 646 875 663 875 679 871 692 858 704 846 713 829 713 812 713 796 708 779 692 767L438 487 692 225C700 217 708 204 708 187 708 171 704 154 692 142 675 129 663 125 646 125Z\"><\/path><\/svg>\t\t\t\t\t\t<\/div>\n\t\t\t\t\t\t<div class=\"elementor-swiper-button elementor-swiper-button-next\" role=\"button\" tabindex=\"0\" aria-label=\"Siguiente\">\n\t\t\t\t\t\t\t<svg aria-hidden=\"true\" class=\"e-font-icon-svg e-eicon-chevron-right\" viewBox=\"0 0 1000 1000\" xmlns=\"http:\/\/www.w3.org\/2000\/svg\"><path d=\"M696 533C708 521 713 504 713 487 713 471 708 454 696 446L400 146C388 133 375 125 354 125 338 125 325 129 313 142 300 154 292 171 292 187 292 204 296 221 308 233L563 492 304 771C292 783 288 800 288 817 288 833 296 850 308 863 321 871 338 875 354 875 371 875 388 867 400 854L696 533Z\"><\/path><\/svg>\t\t\t\t\t\t<\/div>\n\t\t\t\t\t\t\t\t\t\t\t\t\t\t\t\t<div class=\"swiper-pagination\"><\/div>\n\t\t\t\t\t\t\t\t\t\t\t\t<\/div>\n\t\t\t\t\t\t\t\t<\/div>\n\t\t\t\t<\/div>\n\t\t<div class=\"elementor-element elementor-element-c1ae1ec e-flex e-con-boxed e-con e-parent\" data-id=\"c1ae1ec\" data-element_type=\"container\">\n\t\t\t\t\t<div class=\"e-con-inner\">\n\t\t\t\t<div class=\"elementor-element elementor-element-e16a01a elementor-hidden-desktop elementor-hidden-tablet elementor-widget elementor-widget-image\" data-id=\"e16a01a\" data-element_type=\"widget\" data-widget_type=\"image.default\">\n\t\t\t\t\t\t\t\t\t\t\t\t\t\t\t<img fetchpriority=\"high\" decoding=\"async\" width=\"800\" height=\"533\" src=\"https:\/\/redalairelibro.com\/wp-content\/uploads\/2025\/11\/Tejido-en-Proceso-Imagen-7.jpg\" class=\"attachment-large size-large wp-image-886\" alt=\"\" srcset=\"https:\/\/redalairelibro.com\/wp-content\/uploads\/2025\/11\/Tejido-en-Proceso-Imagen-7.jpg 1024w, https:\/\/redalairelibro.com\/wp-content\/uploads\/2025\/11\/Tejido-en-Proceso-Imagen-7-300x200.jpg 300w, https:\/\/redalairelibro.com\/wp-content\/uploads\/2025\/11\/Tejido-en-Proceso-Imagen-7-768x512.jpg 768w\" sizes=\"(max-width: 800px) 100vw, 800px\" \/>\t\t\t\t\t\t\t\t\t\t\t\t\t\t\t<\/div>\n\t\t\t\t<div class=\"elementor-element elementor-element-ce3a80a elementor-widget elementor-widget-heading\" data-id=\"ce3a80a\" data-element_type=\"widget\" data-widget_type=\"heading.default\">\n\t\t\t\t\t<h2 class=\"elementor-heading-title elementor-size-default\">La Red<\/h2>\t\t\t\t<\/div>\n\t\t\t\t<div class=\"elementor-element elementor-element-403cd2d elementor-widget elementor-widget-text-editor\" data-id=\"403cd2d\" data-element_type=\"widget\" data-widget_type=\"text-editor.default\">\n\t\t\t\t\t\t\t\t\t<p><span style=\"font-weight: 400;\">La red Al Aire Libro ha ido creciendo a\u00f1o tras a\u00f1o, generando procesos de transformaci\u00f3n sobre la relaci\u00f3n lectura, literatura y vida en las distintas comunidades. Inici\u00f3 por el inter\u00e9s de replicar la acci\u00f3n po\u00e9tica colectiva y se fortaleci\u00f3 con la propuesta de realizaci\u00f3n de acciones de manera simult\u00e1nea. Hasta el momento re\u00fane organizadores de 27 pa\u00edses de Am\u00e9rica y Europa, quienes inscriben, a trav\u00e9s de un formulario, el lugar y la organizaci\u00f3n o colectivo que lleva a cabo Al Aire Libro. Es de resaltar la diversidad de maneras de realizar la acci\u00f3n Al Aire Libro, pues los contextos tienen implicaciones muy distintas.\u00a0<\/span><\/p><p><span style=\"font-weight: 400;\">La propuesta de intervenir lugares no convencionales con la lectura silenciosa ha posibilitado el desarrollo de jornadas Al Aire Libro en calles, plazas, parques, la ruralidad, la playa, el estadio de futbol, la c\u00e1rcel, centros comerciales, plazas de mercado, carreteras, veredas, centros educativos, centros de refugiados en Europa, entre otros. As\u00ed mismo, la caminata lectora, acci\u00f3n que hace parte de algunas puestas, ha sido llevada a cabo de muy diversas maneras, provocando, con esta procesi\u00f3n lectora, mayor visibilidad y sensaci\u00f3n de fiesta alrededor de los libros y la lectura. En varios lugares apartados, las personas no tienen libros en sus casas, por esta raz\u00f3n, intervienen las bibliotecas itinerantes llevando materiales para participar cada 21 de marzo en estas jornadas. <\/span><\/p>\t\t\t\t\t\t\t\t<\/div>\n\t\t\t\t<div class=\"elementor-element elementor-element-b98e556 elementor-hidden-desktop elementor-hidden-tablet elementor-widget elementor-widget-gallery\" data-id=\"b98e556\" data-element_type=\"widget\" data-settings=\"{&quot;columns_mobile&quot;:2,&quot;lazyload&quot;:&quot;yes&quot;,&quot;gallery_layout&quot;:&quot;grid&quot;,&quot;columns&quot;:4,&quot;columns_tablet&quot;:2,&quot;gap&quot;:{&quot;unit&quot;:&quot;px&quot;,&quot;size&quot;:10,&quot;sizes&quot;:[]},&quot;gap_tablet&quot;:{&quot;unit&quot;:&quot;px&quot;,&quot;size&quot;:10,&quot;sizes&quot;:[]},&quot;gap_mobile&quot;:{&quot;unit&quot;:&quot;px&quot;,&quot;size&quot;:10,&quot;sizes&quot;:[]},&quot;link_to&quot;:&quot;file&quot;,&quot;aspect_ratio&quot;:&quot;3:2&quot;,&quot;overlay_background&quot;:&quot;yes&quot;,&quot;content_hover_animation&quot;:&quot;fade-in&quot;}\" data-widget_type=\"gallery.default\">\n\t\t\t\t\t\t\t<div class=\"elementor-gallery__container\">\n\t\t\t\t\t\t\t<a class=\"e-gallery-item elementor-gallery-item elementor-animated-content\" href=\"https:\/\/redalairelibro.com\/wp-content\/uploads\/2025\/11\/La-red-viva-que-somos-4.jpg\" data-elementor-open-lightbox=\"yes\" data-elementor-lightbox-slideshow=\"b98e556\" data-elementor-lightbox-title=\"La red viva que somos 4\" data-e-action-hash=\"#elementor-action%3Aaction%3Dlightbox%26settings%3DeyJpZCI6MzI3LCJ1cmwiOiJodHRwczpcL1wvcmVkYWxhaXJlbGlicm8uY29tXC93cC1jb250ZW50XC91cGxvYWRzXC8yMDI1XC8xMVwvTGEtcmVkLXZpdmEtcXVlLXNvbW9zLTQuanBnIiwic2xpZGVzaG93IjoiYjk4ZTU1NiJ9\">\n\t\t\t\t\t<div class=\"e-gallery-image elementor-gallery-item__image\" data-thumbnail=\"https:\/\/redalairelibro.com\/wp-content\/uploads\/2025\/11\/La-red-viva-que-somos-4-300x200.jpg\" data-width=\"300\" data-height=\"200\" aria-label=\"\" role=\"img\" ><\/div>\n\t\t\t\t\t\t\t\t\t\t\t<div class=\"elementor-gallery-item__overlay\"><\/div>\n\t\t\t\t\t\t\t\t\t\t\t\t\t\t<\/a>\n\t\t\t\t\t\t\t<a class=\"e-gallery-item elementor-gallery-item elementor-animated-content\" href=\"https:\/\/redalairelibro.com\/wp-content\/uploads\/2025\/11\/La-red-viva-Al-Aire-Libro.jpg\" data-elementor-open-lightbox=\"yes\" data-elementor-lightbox-slideshow=\"b98e556\" data-elementor-lightbox-title=\"La red viva Al Aire Libro\" data-e-action-hash=\"#elementor-action%3Aaction%3Dlightbox%26settings%3DeyJpZCI6MzI2LCJ1cmwiOiJodHRwczpcL1wvcmVkYWxhaXJlbGlicm8uY29tXC93cC1jb250ZW50XC91cGxvYWRzXC8yMDI1XC8xMVwvTGEtcmVkLXZpdmEtQWwtQWlyZS1MaWJyby5qcGciLCJzbGlkZXNob3ciOiJiOThlNTU2In0%3D\">\n\t\t\t\t\t<div class=\"e-gallery-image elementor-gallery-item__image\" data-thumbnail=\"https:\/\/redalairelibro.com\/wp-content\/uploads\/2025\/11\/La-red-viva-Al-Aire-Libro-300x200.jpg\" data-width=\"300\" data-height=\"200\" aria-label=\"\" role=\"img\" ><\/div>\n\t\t\t\t\t\t\t\t\t\t\t<div class=\"elementor-gallery-item__overlay\"><\/div>\n\t\t\t\t\t\t\t\t\t\t\t\t\t\t<\/a>\n\t\t\t\t\t<\/div>\n\t\t\t\t\t<\/div>\n\t\t\t\t\t<\/div>\n\t\t\t\t<\/div>\n\t\t\t\t<\/div>\n\t\t","protected":false},"excerpt":{"rendered":"<p>La Red La red Al Aire Libro ha ido creciendo a\u00f1o tras a\u00f1o, generando procesos de transformaci\u00f3n sobre la relaci\u00f3n lectura, literatura y vida en las distintas comunidades. Inici\u00f3 por el inter\u00e9s de replicar la acci\u00f3n po\u00e9tica colectiva y se fortaleci\u00f3 con la propuesta de realizaci\u00f3n de acciones de manera simult\u00e1nea. Hasta el momento re\u00fane [&hellip;]<\/p>\n","protected":false},"author":1,"featured_media":0,"parent":0,"menu_order":0,"comment_status":"closed","ping_status":"closed","template":"elementor_header_footer","meta":{"footnotes":""},"class_list":["post-324","page","type-page","status-publish","hentry"],"_links":{"self":[{"href":"https:\/\/redalairelibro.com\/index.php\/wp-json\/wp\/v2\/pages\/324","targetHints":{"allow":["GET"]}}],"collection":[{"href":"https:\/\/redalairelibro.com\/index.php\/wp-json\/wp\/v2\/pages"}],"about":[{"href":"https:\/\/redalairelibro.com\/index.php\/wp-json\/wp\/v2\/types\/page"}],"author":[{"embeddable":true,"href":"https:\/\/redalairelibro.com\/index.php\/wp-json\/wp\/v2\/users\/1"}],"replies":[{"embeddable":true,"href":"https:\/\/redalairelibro.com\/index.php\/wp-json\/wp\/v2\/comments?post=324"}],"version-history":[{"count":13,"href":"https:\/\/redalairelibro.com\/index.php\/wp-json\/wp\/v2\/pages\/324\/revisions"}],"predecessor-version":[{"id":1016,"href":"https:\/\/redalairelibro.com\/index.php\/wp-json\/wp\/v2\/pages\/324\/revisions\/1016"}],"wp:attachment":[{"href":"https:\/\/redalairelibro.com\/index.php\/wp-json\/wp\/v2\/media?parent=324"}],"curies":[{"name":"wp","href":"https:\/\/api.w.org\/{rel}","templated":true}]}}